{"id":21567,"date":"2024-05-25T22:24:56","date_gmt":"2024-05-25T20:24:56","guid":{"rendered":"https:\/\/somayaf.loremcommunication.com\/?page_id=21567"},"modified":"2024-09-06T10:10:31","modified_gmt":"2024-09-06T08:10:31","slug":"nos-partenaires","status":"publish","type":"page","link":"https:\/\/somayaf.com\/fr\/nos-partenaires\/","title":{"rendered":"NOS PARTENAIRES"},"content":{"rendered":"\t\t<div data-elementor-type=\"wp-page\" data-elementor-id=\"21567\" class=\"elementor elementor-21567\" data-elementor-post-type=\"page\">\n\t\t\t\t\t\t<section class=\"elementor-section elementor-top-section elementor-element elementor-element-a90b6f7 elementor-section-full_width scheme_dark elementor-section-height-default elementor-section-height-default wpr-particle-no wpr-jarallax-no wpr-parallax-no wpr-sticky-section-no sc_fly_static\" data-id=\"a90b6f7\" data-element_type=\"section\" data-settings=\"{&quot;background_background&quot;:&quot;classic&quot;}\">\n\t\t\t\t\t\t\t<div class=\"elementor-background-overlay\"><\/div>\n\t\t\t\t\t\t\t<div class=\"elementor-container elementor-column-gap-no\">\n\t\t\t\t\t<div class=\"elementor-column elementor-col-100 elementor-top-column elementor-element elementor-element-6b03d10 sc_inner_width_none sc_content_align_inherit sc_layouts_column_icons_position_left sc_fly_static\" data-id=\"6b03d10\" data-element_type=\"column\">\n\t\t\t<div class=\"elementor-widget-wrap elementor-element-populated\">\n\t\t\t\t\t\t<section class=\"elementor-section elementor-inner-section elementor-element elementor-element-8fa4bed elementor-section-boxed elementor-section-height-default elementor-section-height-default wpr-particle-no wpr-jarallax-no wpr-parallax-no wpr-sticky-section-no sc_fly_static\" data-id=\"8fa4bed\" data-element_type=\"section\">\n\t\t\t\t\t\t<div class=\"elementor-container elementor-column-gap-extended\">\n\t\t\t\t\t<div class=\"elementor-column elementor-col-50 elementor-inner-column elementor-element elementor-element-973d072 sc_inner_width_none sc_content_align_inherit sc_layouts_column_icons_position_left sc_fly_static\" data-id=\"973d072\" data-element_type=\"column\">\n\t\t\t<div class=\"elementor-widget-wrap elementor-element-populated\">\n\t\t\t\t\t\t<div class=\"elementor-element elementor-element-b2e7955 sc_fly_static elementor-widget elementor-widget-trx_sc_title\" data-id=\"b2e7955\" data-element_type=\"widget\" data-widget_type=\"trx_sc_title.default\">\n\t\t\t\t<div class=\"elementor-widget-container\">\n\t\t\t<div\t\tclass=\"sc_title sc_title_default\" ><h1 class=\"sc_item_title sc_title_title sc_item_title_style_default sc_item_title_tag trx_addons_inline_651891289\"\n\t\t\t><span class=\"sc_item_title_text\">Ils nous ont fait confiance<\/span><\/h1><div class=\"sc_item_descr sc_title_descr sc_item_descr_with_custom_color trx_addons_inline_1471838309\"><p>Chez SOMAYAF, nous croyons fermement que notre succ\u00e8s repose sur des partenariats solides et strat\u00e9giques. Nous collaborons avec des leaders du secteur p\u00e9trolier et des experts en technologies innovantes pour offrir des produits et services de qualit\u00e9 sup\u00e9rieure \u00e0 nos clients. Nos partenaires jouent un r\u00f4le crucial en nous permettant de r\u00e9pondre aux besoins vari\u00e9s de notre client\u00e8le et de maintenir notre position de leader sur le march\u00e9.<\/p>\n<\/div><\/div>\t\t<\/div>\n\t\t\t\t<\/div>\n\t\t\t\t\t<\/div>\n\t\t<\/div>\n\t\t\t\t<div class=\"elementor-column elementor-col-50 elementor-inner-column elementor-element elementor-element-a179edb sc_inner_width_none sc_content_align_inherit sc_layouts_column_icons_position_left sc_fly_static\" data-id=\"a179edb\" data-element_type=\"column\">\n\t\t\t<div class=\"elementor-widget-wrap elementor-element-populated\">\n\t\t\t\t\t\t<div class=\"elementor-element elementor-element-2223e34 sc_fly_static elementor-widget elementor-widget-image\" data-id=\"2223e34\" data-element_type=\"widget\" data-widget_type=\"image.default\">\n\t\t\t\t<div class=\"elementor-widget-container\">\n\t\t\t\t\t\t\t\t\t\t\t\t\t<img fetchpriority=\"high\" decoding=\"async\" width=\"1024\" height=\"683\" src=\"https:\/\/somayaf.com\/wp-content\/uploads\/2024\/05\/RICK9455-1024x683.jpg\" class=\"attachment-large size-large wp-image-21735\" alt=\"\" srcset=\"https:\/\/somayaf.com\/wp-content\/uploads\/2024\/05\/RICK9455-1024x683.jpg 1024w, https:\/\/somayaf.com\/wp-content\/uploads\/2024\/05\/RICK9455-300x200.jpg 300w, https:\/\/somayaf.com\/wp-content\/uploads\/2024\/05\/RICK9455-768x512.jpg 768w, https:\/\/somayaf.com\/wp-content\/uploads\/2024\/05\/RICK9455-1536x1024.jpg 1536w, https:\/\/somayaf.com\/wp-content\/uploads\/2024\/05\/RICK9455-2048x1365.jpg 2048w, https:\/\/somayaf.com\/wp-content\/uploads\/2024\/05\/RICK9455-370x247.jpg 370w, https:\/\/somayaf.com\/wp-content\/uploads\/2024\/05\/RICK9455-840x560.jpg 840w, https:\/\/somayaf.com\/wp-content\/uploads\/2024\/05\/RICK9455-410x273.jpg 410w\" sizes=\"(max-width: 1024px) 100vw, 1024px\" \/>\t\t\t\t\t\t\t\t\t\t\t\t\t<\/div>\n\t\t\t\t<\/div>\n\t\t\t\t\t<\/div>\n\t\t<\/div>\n\t\t\t\t\t<\/div>\n\t\t<\/section>\n\t\t\t\t<div class=\"elementor-element elementor-element-5a9437b sc_height_medium sc_fly_static elementor-widget elementor-widget-spacer\" data-id=\"5a9437b\" data-element_type=\"widget\" data-widget_type=\"spacer.default\">\n\t\t\t\t<div class=\"elementor-widget-container\">\n\t\t\t\t\t<div class=\"elementor-spacer\">\n\t\t\t<div class=\"elementor-spacer-inner\"><\/div>\n\t\t<\/div>\n\t\t\t\t<\/div>\n\t\t\t\t<\/div>\n\t\t\t\t<div class=\"elementor-element elementor-element-0cf265b sc_layouts_hide_on_wide sc_layouts_hide_on_desktop sc_layouts_hide_on_notebook sc_layouts_hide_on_tablet sc_layouts_hide_on_mobile sc_fly_static elementor-widget elementor-widget-image-carousel\" data-id=\"0cf265b\" data-element_type=\"widget\" data-settings=\"{&quot;slides_to_show&quot;:&quot;6&quot;,&quot;slides_to_scroll&quot;:&quot;6&quot;,&quot;navigation&quot;:&quot;none&quot;,&quot;autoplay_speed&quot;:3000,&quot;image_spacing_custom&quot;:{&quot;unit&quot;:&quot;px&quot;,&quot;size&quot;:10,&quot;sizes&quot;:[]},&quot;autoplay&quot;:&quot;yes&quot;,&quot;pause_on_hover&quot;:&quot;yes&quot;,&quot;infinite&quot;:&quot;yes&quot;,&quot;speed&quot;:500,&quot;image_spacing_custom_tablet&quot;:{&quot;unit&quot;:&quot;px&quot;,&quot;size&quot;:&quot;&quot;,&quot;sizes&quot;:[]},&quot;image_spacing_custom_mobile&quot;:{&quot;unit&quot;:&quot;px&quot;,&quot;size&quot;:&quot;&quot;,&quot;sizes&quot;:[]}}\" data-widget_type=\"image-carousel.default\">\n\t\t\t\t<div class=\"elementor-widget-container\">\n\t\t\t\t\t<div class=\"elementor-image-carousel-wrapper swiper\" dir=\"ltr\">\n\t\t\t<div class=\"elementor-image-carousel swiper-wrapper\" aria-live=\"off\">\n\t\t\t\t\t\t\t\t<div class=\"swiper-slide\" role=\"group\" aria-roledescription=\"slide\" aria-label=\"1 sur 12\"><figure class=\"swiper-slide-inner\"><img decoding=\"async\" class=\"swiper-slide-image\" src=\"https:\/\/somayaf.com\/wp-content\/uploads\/2024\/08\/IMG-20240802-WA0015-150x150.jpg\" alt=\"IMG-20240802-WA0015\" \/><\/figure><\/div><div class=\"swiper-slide\" role=\"group\" aria-roledescription=\"slide\" aria-label=\"2 sur 12\"><figure class=\"swiper-slide-inner\"><img decoding=\"async\" class=\"swiper-slide-image\" src=\"https:\/\/somayaf.com\/wp-content\/uploads\/2024\/08\/IMG-20240802-WA0014-150x150.jpg\" alt=\"IMG-20240802-WA0014\" \/><\/figure><\/div><div class=\"swiper-slide\" role=\"group\" aria-roledescription=\"slide\" aria-label=\"3 sur 12\"><figure class=\"swiper-slide-inner\"><img decoding=\"async\" class=\"swiper-slide-image\" src=\"https:\/\/somayaf.com\/wp-content\/uploads\/2024\/08\/IMG-20240802-WA0013-150x150.jpg\" alt=\"IMG-20240802-WA0013\" \/><\/figure><\/div><div class=\"swiper-slide\" role=\"group\" aria-roledescription=\"slide\" aria-label=\"4 sur 12\"><figure class=\"swiper-slide-inner\"><img decoding=\"async\" class=\"swiper-slide-image\" src=\"https:\/\/somayaf.com\/wp-content\/uploads\/2024\/08\/IMG-20240802-WA0012-150x150.jpg\" alt=\"IMG-20240802-WA0012\" \/><\/figure><\/div><div class=\"swiper-slide\" role=\"group\" aria-roledescription=\"slide\" aria-label=\"5 sur 12\"><figure class=\"swiper-slide-inner\"><img decoding=\"async\" class=\"swiper-slide-image\" src=\"https:\/\/somayaf.com\/wp-content\/uploads\/2024\/08\/IMG-20240802-WA0011-150x150.jpg\" alt=\"IMG-20240802-WA0011\" \/><\/figure><\/div><div class=\"swiper-slide\" role=\"group\" aria-roledescription=\"slide\" aria-label=\"6 sur 12\"><figure class=\"swiper-slide-inner\"><img decoding=\"async\" class=\"swiper-slide-image\" src=\"https:\/\/somayaf.com\/wp-content\/uploads\/2024\/08\/IMG-20240802-WA0010-150x150.jpg\" alt=\"IMG-20240802-WA0010\" \/><\/figure><\/div><div class=\"swiper-slide\" role=\"group\" aria-roledescription=\"slide\" aria-label=\"7 sur 12\"><figure class=\"swiper-slide-inner\"><img decoding=\"async\" class=\"swiper-slide-image\" src=\"https:\/\/somayaf.com\/wp-content\/uploads\/2024\/08\/IMG-20240802-WA0008-150x150.jpg\" alt=\"IMG-20240802-WA0008\" \/><\/figure><\/div><div class=\"swiper-slide\" role=\"group\" aria-roledescription=\"slide\" aria-label=\"8 sur 12\"><figure class=\"swiper-slide-inner\"><img decoding=\"async\" class=\"swiper-slide-image\" src=\"https:\/\/somayaf.com\/wp-content\/uploads\/2024\/08\/IMG-20240802-WA0007-150x150.jpg\" alt=\"IMG-20240802-WA0007\" \/><\/figure><\/div><div class=\"swiper-slide\" role=\"group\" aria-roledescription=\"slide\" aria-label=\"9 sur 12\"><figure class=\"swiper-slide-inner\"><img decoding=\"async\" class=\"swiper-slide-image\" src=\"https:\/\/somayaf.com\/wp-content\/uploads\/2024\/08\/IMG-20240802-WA0006-150x150.jpg\" alt=\"IMG-20240802-WA0006\" \/><\/figure><\/div><div class=\"swiper-slide\" role=\"group\" aria-roledescription=\"slide\" aria-label=\"10 sur 12\"><figure class=\"swiper-slide-inner\"><img decoding=\"async\" class=\"swiper-slide-image\" src=\"https:\/\/somayaf.com\/wp-content\/uploads\/2024\/08\/IMG-20240802-WA0005-150x120.jpg\" alt=\"IMG-20240802-WA0005\" \/><\/figure><\/div><div class=\"swiper-slide\" role=\"group\" aria-roledescription=\"slide\" aria-label=\"11 sur 12\"><figure class=\"swiper-slide-inner\"><img decoding=\"async\" class=\"swiper-slide-image\" src=\"https:\/\/somayaf.com\/wp-content\/uploads\/2024\/08\/IMG-20240802-WA0009-150x150.jpg\" alt=\"IMG-20240802-WA0009\" \/><\/figure><\/div><div class=\"swiper-slide\" role=\"group\" aria-roledescription=\"slide\" aria-label=\"12 sur 12\"><figure class=\"swiper-slide-inner\"><img decoding=\"async\" class=\"swiper-slide-image\" src=\"https:\/\/somayaf.com\/wp-content\/uploads\/2024\/08\/IMG-20240802-WA0016-150x150.jpg\" alt=\"IMG-20240802-WA0016\" \/><\/figure><\/div>\t\t\t<\/div>\n\t\t\t\t\t\t\t\n\t\t\t\t\t\t\t\t\t<\/div>\n\t\t\t\t<\/div>\n\t\t\t\t<\/div>\n\t\t\t\t<div class=\"elementor-element elementor-element-2d3fa3c elementor-skin-carousel elementor-arrows-yes sc_fly_static elementor-widget elementor-widget-media-carousel\" data-id=\"2d3fa3c\" data-element_type=\"widget\" data-settings=\"{&quot;slides_per_view&quot;:&quot;6&quot;,&quot;slides_to_scroll&quot;:&quot;6&quot;,&quot;autoplay_speed&quot;:3000,&quot;skin&quot;:&quot;carousel&quot;,&quot;effect&quot;:&quot;slide&quot;,&quot;show_arrows&quot;:&quot;yes&quot;,&quot;speed&quot;:500,&quot;autoplay&quot;:&quot;yes&quot;,&quot;loop&quot;:&quot;yes&quot;,&quot;space_between&quot;:{&quot;unit&quot;:&quot;px&quot;,&quot;size&quot;:10,&quot;sizes&quot;:[]},&quot;space_between_tablet&quot;:{&quot;unit&quot;:&quot;px&quot;,&quot;size&quot;:10,&quot;sizes&quot;:[]},&quot;space_between_mobile&quot;:{&quot;unit&quot;:&quot;px&quot;,&quot;size&quot;:10,&quot;sizes&quot;:[]}}\" data-widget_type=\"media-carousel.default\">\n\t\t\t\t<div class=\"elementor-widget-container\">\n\t\t\t\t\t<div class=\"elementor-swiper\">\n\t\t\t<div class=\"elementor-main-swiper swiper\">\n\t\t\t\t<div class=\"swiper-wrapper\">\n\t\t\t\t\t\t\t\t\t\t\t<div class=\"swiper-slide\">\n\t\t\t\t\t\t\t\t\t<div class=\"elementor-carousel-image\" role=\"img\" aria-label=\"IMG-20240802-WA0016\" style=\"background-image: url(&#039;https:\/\/somayaf.com\/wp-content\/uploads\/2024\/08\/IMG-20240802-WA0016.jpg&#039;)\">\n\n\t\t\t\n\t\t\t\t\t<\/div>\n\t\t\t\t\t\t\t\t<\/div>\n\t\t\t\t\t\t\t\t\t\t\t<div class=\"swiper-slide\">\n\t\t\t\t\t\t\t\t\t<div class=\"elementor-carousel-image\" role=\"img\" aria-label=\"IMG-20240802-WA0015\" style=\"background-image: url(&#039;https:\/\/somayaf.com\/wp-content\/uploads\/2024\/08\/IMG-20240802-WA0015.jpg&#039;)\">\n\n\t\t\t\n\t\t\t\t\t<\/div>\n\t\t\t\t\t\t\t\t<\/div>\n\t\t\t\t\t\t\t\t\t\t\t<div class=\"swiper-slide\">\n\t\t\t\t\t\t\t\t\t<div class=\"elementor-carousel-image\" role=\"img\" aria-label=\"IMG-20240802-WA0014\" style=\"background-image: url(&#039;https:\/\/somayaf.com\/wp-content\/uploads\/2024\/08\/IMG-20240802-WA0014.jpg&#039;)\">\n\n\t\t\t\n\t\t\t\t\t<\/div>\n\t\t\t\t\t\t\t\t<\/div>\n\t\t\t\t\t\t\t\t\t\t\t<div class=\"swiper-slide\">\n\t\t\t\t\t\t\t\t\t<div class=\"elementor-carousel-image\" role=\"img\" aria-label=\"IMG-20240802-WA0012\" style=\"background-image: url(&#039;https:\/\/somayaf.com\/wp-content\/uploads\/2024\/08\/IMG-20240802-WA0012.jpg&#039;)\">\n\n\t\t\t\n\t\t\t\t\t<\/div>\n\t\t\t\t\t\t\t\t<\/div>\n\t\t\t\t\t\t\t\t\t\t\t<div class=\"swiper-slide\">\n\t\t\t\t\t\t\t\t\t<div class=\"elementor-carousel-image\" role=\"img\" aria-label=\"IMG-20240802-WA0013\" style=\"background-image: url(&#039;https:\/\/somayaf.com\/wp-content\/uploads\/2024\/08\/IMG-20240802-WA0013.jpg&#039;)\">\n\n\t\t\t\n\t\t\t\t\t<\/div>\n\t\t\t\t\t\t\t\t<\/div>\n\t\t\t\t\t\t\t\t\t\t\t<div class=\"swiper-slide\">\n\t\t\t\t\t\t\t\t\t<div class=\"elementor-carousel-image\" role=\"img\" aria-label=\"IMG-20240802-WA0011\" style=\"background-image: url(&#039;https:\/\/somayaf.com\/wp-content\/uploads\/2024\/08\/IMG-20240802-WA0011.jpg&#039;)\">\n\n\t\t\t\n\t\t\t\t\t<\/div>\n\t\t\t\t\t\t\t\t<\/div>\n\t\t\t\t\t\t\t\t\t\t\t<div class=\"swiper-slide\">\n\t\t\t\t\t\t\t\t\t<div class=\"elementor-carousel-image\" role=\"img\" aria-label=\"IMG-20240802-WA0010\" style=\"background-image: url(&#039;https:\/\/somayaf.com\/wp-content\/uploads\/2024\/08\/IMG-20240802-WA0010.jpg&#039;)\">\n\n\t\t\t\n\t\t\t\t\t<\/div>\n\t\t\t\t\t\t\t\t<\/div>\n\t\t\t\t\t\t\t\t\t\t\t<div class=\"swiper-slide\">\n\t\t\t\t\t\t\t\t\t<div class=\"elementor-carousel-image\" role=\"img\" aria-label=\"IMG-20240802-WA0009\" style=\"background-image: url(&#039;https:\/\/somayaf.com\/wp-content\/uploads\/2024\/08\/IMG-20240802-WA0009.jpg&#039;)\">\n\n\t\t\t\n\t\t\t\t\t<\/div>\n\t\t\t\t\t\t\t\t<\/div>\n\t\t\t\t\t\t\t\t\t\t\t<div class=\"swiper-slide\">\n\t\t\t\t\t\t\t\t\t<div class=\"elementor-carousel-image\" role=\"img\" aria-label=\"IMG-20240802-WA0008\" style=\"background-image: url(&#039;https:\/\/somayaf.com\/wp-content\/uploads\/2024\/08\/IMG-20240802-WA0008.jpg&#039;)\">\n\n\t\t\t\n\t\t\t\t\t<\/div>\n\t\t\t\t\t\t\t\t<\/div>\n\t\t\t\t\t\t\t\t\t\t\t<div class=\"swiper-slide\">\n\t\t\t\t\t\t\t\t\t<div class=\"elementor-carousel-image\" role=\"img\" aria-label=\"IMG-20240802-WA0007\" style=\"background-image: url(&#039;https:\/\/somayaf.com\/wp-content\/uploads\/2024\/08\/IMG-20240802-WA0007.jpg&#039;)\">\n\n\t\t\t\n\t\t\t\t\t<\/div>\n\t\t\t\t\t\t\t\t<\/div>\n\t\t\t\t\t\t\t\t\t\t\t<div class=\"swiper-slide\">\n\t\t\t\t\t\t\t\t\t<div class=\"elementor-carousel-image\" role=\"img\" aria-label=\"IMG-20240802-WA0006\" style=\"background-image: url(&#039;https:\/\/somayaf.com\/wp-content\/uploads\/2024\/08\/IMG-20240802-WA0006.jpg&#039;)\">\n\n\t\t\t\n\t\t\t\t\t<\/div>\n\t\t\t\t\t\t\t\t<\/div>\n\t\t\t\t\t\t\t\t\t\t\t<div class=\"swiper-slide\">\n\t\t\t\t\t\t\t\t\t<div class=\"elementor-carousel-image\" role=\"img\" aria-label=\"IMG-20240802-WA0005\" style=\"background-image: url(&#039;https:\/\/somayaf.com\/wp-content\/uploads\/2024\/08\/IMG-20240802-WA0005.jpg&#039;)\">\n\n\t\t\t\n\t\t\t\t\t<\/div>\n\t\t\t\t\t\t\t\t<\/div>\n\t\t\t\t\t\t\t\t\t<\/div>\n\t\t\t\t\t\t\t\t\t\t\t\t\t\t\t\t\t\t\t\t<div class=\"elementor-swiper-button elementor-swiper-button-prev\" role=\"button\" tabindex=\"0\">\n\t\t\t\t\t\t\t<i aria-hidden=\"true\" class=\"eicon-chevron-left\"><\/i>\t\t\t\t\t\t\t<span class=\"elementor-screen-only\">Previous<\/span>\n\t\t\t\t\t\t<\/div>\n\t\t\t\t\t\t<div class=\"elementor-swiper-button elementor-swiper-button-next\" role=\"button\" tabindex=\"0\">\n\t\t\t\t\t\t\t<i aria-hidden=\"true\" class=\"eicon-chevron-right\"><\/i>\t\t\t\t\t\t\t<span class=\"elementor-screen-only\">Next<\/span>\n\t\t\t\t\t\t<\/div>\n\t\t\t\t\t\t\t\t\t\t\t\t<\/div>\n\t\t<\/div>\n\t\t\t\t<\/div>\n\t\t\t\t<\/div>\n\t\t\t\t\t<\/div>\n\t\t<\/div>\n\t\t\t\t\t<\/div>\n\t\t<\/section>\n\t\t\t\t<\/div>\n\t\t","protected":false},"excerpt":{"rendered":"<p>Ils nous ont fait confiance Chez SOMAYAF, nous croyons fermement que notre succ\u00e8s repose sur des partenariats solides et strat\u00e9giques. Nous collaborons avec des leaders du secteur p\u00e9trolier et des&hellip;<\/p>\n","protected":false},"author":1,"featured_media":0,"parent":0,"menu_order":0,"comment_status":"closed","ping_status":"closed","template":"","meta":{"footnotes":""},"class_list":["post-21567","page","type-page","status-publish","hentry"],"yoast_head":"<!-- This site is optimized with the Yoast SEO plugin v24.4 - https:\/\/yoast.com\/wordpress\/plugins\/seo\/ -->\n<title>NOS PARTENAIRES - SOMAYAF<\/title>\n<meta name=\"robots\" content=\"index, follow, max-snippet:-1, max-image-preview:large, max-video-preview:-1\" \/>\n<link rel=\"canonical\" href=\"https:\/\/somayaf.com\/fr\/nos-partenaires\/\" \/>\n<meta property=\"og:locale\" content=\"fr_FR\" \/>\n<meta property=\"og:type\" content=\"article\" \/>\n<meta property=\"og:title\" content=\"NOS PARTENAIRES - SOMAYAF\" \/>\n<meta property=\"og:description\" content=\"Ils nous ont fait confiance Chez SOMAYAF, nous croyons fermement que notre succ\u00e8s repose sur des partenariats solides et strat\u00e9giques. Nous collaborons avec des leaders du secteur p\u00e9trolier et des&hellip;\" \/>\n<meta property=\"og:url\" content=\"https:\/\/somayaf.com\/fr\/nos-partenaires\/\" \/>\n<meta property=\"og:site_name\" content=\"SOMAYAF\" \/>\n<meta property=\"article:modified_time\" content=\"2024-09-06T08:10:31+00:00\" \/>\n<meta property=\"og:image\" content=\"https:\/\/somayaf.loremcommunication.com\/wp-content\/uploads\/2024\/05\/RICK9455-1024x683.jpg\" \/>\n<meta name=\"twitter:card\" content=\"summary_large_image\" \/>\n<script type=\"application\/ld+json\" class=\"yoast-schema-graph\">{\"@context\":\"https:\/\/schema.org\",\"@graph\":[{\"@type\":\"WebPage\",\"@id\":\"https:\/\/somayaf.com\/nos-partenaires\/\",\"url\":\"https:\/\/somayaf.com\/nos-partenaires\/\",\"name\":\"NOS PARTENAIRES - SOMAYAF\",\"isPartOf\":{\"@id\":\"https:\/\/somayaf.com\/#website\"},\"primaryImageOfPage\":{\"@id\":\"https:\/\/somayaf.com\/nos-partenaires\/#primaryimage\"},\"image\":{\"@id\":\"https:\/\/somayaf.com\/nos-partenaires\/#primaryimage\"},\"thumbnailUrl\":\"https:\/\/somayaf.loremcommunication.com\/wp-content\/uploads\/2024\/05\/RICK9455-1024x683.jpg\",\"datePublished\":\"2024-05-25T20:24:56+00:00\",\"dateModified\":\"2024-09-06T08:10:31+00:00\",\"breadcrumb\":{\"@id\":\"https:\/\/somayaf.com\/nos-partenaires\/#breadcrumb\"},\"inLanguage\":\"fr-FR\",\"potentialAction\":[{\"@type\":\"ReadAction\",\"target\":[\"https:\/\/somayaf.com\/nos-partenaires\/\"]}]},{\"@type\":\"ImageObject\",\"inLanguage\":\"fr-FR\",\"@id\":\"https:\/\/somayaf.com\/nos-partenaires\/#primaryimage\",\"url\":\"https:\/\/somayaf.loremcommunication.com\/wp-content\/uploads\/2024\/05\/RICK9455-1024x683.jpg\",\"contentUrl\":\"https:\/\/somayaf.loremcommunication.com\/wp-content\/uploads\/2024\/05\/RICK9455-1024x683.jpg\"},{\"@type\":\"BreadcrumbList\",\"@id\":\"https:\/\/somayaf.com\/nos-partenaires\/#breadcrumb\",\"itemListElement\":[{\"@type\":\"ListItem\",\"position\":1,\"name\":\"Accueil\",\"item\":\"https:\/\/somayaf.com\/\"},{\"@type\":\"ListItem\",\"position\":2,\"name\":\"NOS PARTENAIRES\"}]},{\"@type\":\"WebSite\",\"@id\":\"https:\/\/somayaf.com\/#website\",\"url\":\"https:\/\/somayaf.com\/\",\"name\":\"SOMAYAF\",\"description\":\"\",\"publisher\":{\"@id\":\"https:\/\/somayaf.com\/#organization\"},\"potentialAction\":[{\"@type\":\"SearchAction\",\"target\":{\"@type\":\"EntryPoint\",\"urlTemplate\":\"https:\/\/somayaf.com\/?s={search_term_string}\"},\"query-input\":{\"@type\":\"PropertyValueSpecification\",\"valueRequired\":true,\"valueName\":\"search_term_string\"}}],\"inLanguage\":\"fr-FR\"},{\"@type\":\"Organization\",\"@id\":\"https:\/\/somayaf.com\/#organization\",\"name\":\"SOMAYAF\",\"url\":\"https:\/\/somayaf.com\/\",\"logo\":{\"@type\":\"ImageObject\",\"inLanguage\":\"fr-FR\",\"@id\":\"https:\/\/somayaf.com\/#\/schema\/logo\/image\/\",\"url\":\"https:\/\/somayaf.com\/wp-content\/uploads\/2024\/06\/somayaf-logo.png\",\"contentUrl\":\"https:\/\/somayaf.com\/wp-content\/uploads\/2024\/06\/somayaf-logo.png\",\"width\":439,\"height\":243,\"caption\":\"SOMAYAF\"},\"image\":{\"@id\":\"https:\/\/somayaf.com\/#\/schema\/logo\/image\/\"}}]}<\/script>\n<!-- \/ Yoast SEO plugin. -->","yoast_head_json":{"title":"NOS PARTENAIRES - SOMAYAF","robots":{"index":"index","follow":"follow","max-snippet":"max-snippet:-1","max-image-preview":"max-image-preview:large","max-video-preview":"max-video-preview:-1"},"canonical":"https:\/\/somayaf.com\/fr\/nos-partenaires\/","og_locale":"fr_FR","og_type":"article","og_title":"NOS PARTENAIRES - SOMAYAF","og_description":"Ils nous ont fait confiance Chez SOMAYAF, nous croyons fermement que notre succ\u00e8s repose sur des partenariats solides et strat\u00e9giques. Nous collaborons avec des leaders du secteur p\u00e9trolier et des&hellip;","og_url":"https:\/\/somayaf.com\/fr\/nos-partenaires\/","og_site_name":"SOMAYAF","article_modified_time":"2024-09-06T08:10:31+00:00","og_image":[{"url":"https:\/\/somayaf.loremcommunication.com\/wp-content\/uploads\/2024\/05\/RICK9455-1024x683.jpg","type":"","width":"","height":""}],"twitter_card":"summary_large_image","schema":{"@context":"https:\/\/schema.org","@graph":[{"@type":"WebPage","@id":"https:\/\/somayaf.com\/nos-partenaires\/","url":"https:\/\/somayaf.com\/nos-partenaires\/","name":"NOS PARTENAIRES - SOMAYAF","isPartOf":{"@id":"https:\/\/somayaf.com\/#website"},"primaryImageOfPage":{"@id":"https:\/\/somayaf.com\/nos-partenaires\/#primaryimage"},"image":{"@id":"https:\/\/somayaf.com\/nos-partenaires\/#primaryimage"},"thumbnailUrl":"https:\/\/somayaf.loremcommunication.com\/wp-content\/uploads\/2024\/05\/RICK9455-1024x683.jpg","datePublished":"2024-05-25T20:24:56+00:00","dateModified":"2024-09-06T08:10:31+00:00","breadcrumb":{"@id":"https:\/\/somayaf.com\/nos-partenaires\/#breadcrumb"},"inLanguage":"fr-FR","potentialAction":[{"@type":"ReadAction","target":["https:\/\/somayaf.com\/nos-partenaires\/"]}]},{"@type":"ImageObject","inLanguage":"fr-FR","@id":"https:\/\/somayaf.com\/nos-partenaires\/#primaryimage","url":"https:\/\/somayaf.loremcommunication.com\/wp-content\/uploads\/2024\/05\/RICK9455-1024x683.jpg","contentUrl":"https:\/\/somayaf.loremcommunication.com\/wp-content\/uploads\/2024\/05\/RICK9455-1024x683.jpg"},{"@type":"BreadcrumbList","@id":"https:\/\/somayaf.com\/nos-partenaires\/#breadcrumb","itemListElement":[{"@type":"ListItem","position":1,"name":"Accueil","item":"https:\/\/somayaf.com\/"},{"@type":"ListItem","position":2,"name":"NOS PARTENAIRES"}]},{"@type":"WebSite","@id":"https:\/\/somayaf.com\/#website","url":"https:\/\/somayaf.com\/","name":"SOMAYAF","description":"","publisher":{"@id":"https:\/\/somayaf.com\/#organization"},"potentialAction":[{"@type":"SearchAction","target":{"@type":"EntryPoint","urlTemplate":"https:\/\/somayaf.com\/?s={search_term_string}"},"query-input":{"@type":"PropertyValueSpecification","valueRequired":true,"valueName":"search_term_string"}}],"inLanguage":"fr-FR"},{"@type":"Organization","@id":"https:\/\/somayaf.com\/#organization","name":"SOMAYAF","url":"https:\/\/somayaf.com\/","logo":{"@type":"ImageObject","inLanguage":"fr-FR","@id":"https:\/\/somayaf.com\/#\/schema\/logo\/image\/","url":"https:\/\/somayaf.com\/wp-content\/uploads\/2024\/06\/somayaf-logo.png","contentUrl":"https:\/\/somayaf.com\/wp-content\/uploads\/2024\/06\/somayaf-logo.png","width":439,"height":243,"caption":"SOMAYAF"},"image":{"@id":"https:\/\/somayaf.com\/#\/schema\/logo\/image\/"}}]}},"_links":{"self":[{"href":"https:\/\/somayaf.com\/fr\/wp-json\/wp\/v2\/pages\/21567","targetHints":{"allow":["GET"]}}],"collection":[{"href":"https:\/\/somayaf.com\/fr\/wp-json\/wp\/v2\/pages"}],"about":[{"href":"https:\/\/somayaf.com\/fr\/wp-json\/wp\/v2\/types\/page"}],"author":[{"embeddable":true,"href":"https:\/\/somayaf.com\/fr\/wp-json\/wp\/v2\/users\/1"}],"replies":[{"embeddable":true,"href":"https:\/\/somayaf.com\/fr\/wp-json\/wp\/v2\/comments?post=21567"}],"version-history":[{"count":19,"href":"https:\/\/somayaf.com\/fr\/wp-json\/wp\/v2\/pages\/21567\/revisions"}],"predecessor-version":[{"id":22523,"href":"https:\/\/somayaf.com\/fr\/wp-json\/wp\/v2\/pages\/21567\/revisions\/22523"}],"wp:attachment":[{"href":"https:\/\/somayaf.com\/fr\/wp-json\/wp\/v2\/media?parent=21567"}],"curies":[{"name":"wp","href":"https:\/\/api.w.org\/{rel}","templated":true}]}}